{"id":2489,"date":"2024-02-17T19:37:01","date_gmt":"2024-02-17T18:37:01","guid":{"rendered":"https:\/\/millerstravelacademy.com\/?page_id=2489"},"modified":"2025-07-08T12:09:44","modified_gmt":"2025-07-08T10:09:44","slug":"seguros-de-viajes","status":"publish","type":"page","link":"https:\/\/millerstravelacademy.com\/?page_id=2489","title":{"rendered":"Seguros de viajes"},"content":{"rendered":"<p><div class=\"fusion-fullwidth fullwidth-box fusion-builder-row-1 fusion-flex-container has-pattern-background has-mask-background fusion-parallax-none nonhundred-percent-fullwidth non-hundred-percent-height-scrolling lazyload\" style=\"--awb-border-radius-top-left:0px;--awb-border-radius-top-right:0px;--awb-border-radius-bottom-right:0px;--awb-border-radius-bottom-left:0px;--awb-background-size:cover;--awb-flex-wrap:wrap;\" data-bg=\"https:\/\/millerstravelacademy.com\/wp-content\/uploads\/2024\/03\/luxurious-black-and-gold-background-with-copy-space-vector.jpg\" ><div class=\"fusion-builder-row fusion-row fusion-flex-align-items-flex-start fusion-flex-content-wrap\" style=\"max-width:1331.2px;margin-left: calc(-4% \/ 2 );margin-right: calc(-4% \/ 2 );\"><\/div><\/div><div class=\"fusion-fullwidth fullwidth-box fusion-builder-row-2 fusion-flex-container has-pattern-background has-mask-background nonhundred-percent-fullwidth non-hundred-percent-height-scrolling\" style=\"--awb-border-radius-top-left:0px;--awb-border-radius-top-right:0px;--awb-border-radius-bottom-right:0px;--awb-border-radius-bottom-left:0px;--awb-background-color:#020038;--awb-flex-wrap:wrap;\" ><div class=\"fusion-builder-row fusion-row fusion-flex-align-items-flex-start fusion-flex-content-wrap\" style=\"max-width:1331.2px;margin-left: calc(-4% \/ 2 );margin-right: calc(-4% \/ 2 );\"><div class=\"fusion-layout-column fusion_builder_column fusion-builder-column-0 fusion_builder_column_1_2 1_2 fusion-flex-column\" style=\"--awb-bg-size:cover;--awb-width-large:50%;--awb-margin-top-large:10px;--awb-spacing-right-large:3.84%;--awb-margin-bottom-large:10px;--awb-spacing-left-large:3.84%;--awb-width-medium:100%;--awb-order-medium:0;--awb-spacing-right-medium:1.92%;--awb-spacing-left-medium:1.92%;--awb-width-small:100%;--awb-order-small:0;--awb-spacing-right-small:1.92%;--awb-spacing-left-small:1.92%;\"><div class=\"fusion-column-wrapper fusion-column-has-shadow fusion-flex-justify-content-flex-start fusion-content-layout-column\"><div class=\"fusion-video fusion-selfhosted-video\" style=\"max-width:100%;\"><div class=\"video-wrapper\"><video playsinline=\"true\" width=\"100%\" style=\"object-fit: cover;\" autoplay=\"true\" muted=\"true\" loop=\"true\" preload=\"auto\" controls=\"1\"><source src=\"https:\/\/millerstravelacademy.com\/wp-content\/uploads\/2024\/04\/WhatsApp-Video-2024-04-01-at-4.15.28-PM.mp4\" type=\"video\/mp4\">Sorry, your browser doesn&#039;t support embedded videos.<\/video><\/div><\/div><\/div><\/div><div class=\"fusion-layout-column fusion_builder_column fusion-builder-column-1 fusion_builder_column_1_2 1_2 fusion-flex-column\" style=\"--awb-bg-size:cover;--awb-width-large:50%;--awb-margin-top-large:26px;--awb-spacing-right-large:3.84%;--awb-margin-bottom-large:10px;--awb-spacing-left-large:3.84%;--awb-width-medium:100%;--awb-order-medium:0;--awb-spacing-right-medium:1.92%;--awb-spacing-left-medium:1.92%;--awb-width-small:100%;--awb-order-small:0;--awb-spacing-right-small:1.92%;--awb-spacing-left-small:1.92%;\"><div class=\"fusion-column-wrapper fusion-column-has-shadow fusion-flex-justify-content-flex-start fusion-content-layout-column\"><div class=\"fusion-text fusion-text-1\"><p style=\"text-align: center;\"><b style=\"color: #ffffff;\">Miller&#8217;s Travel Agency<\/b><\/p>\n<\/div><div class=\"fusion-title title fusion-title-1 fusion-sep-none fusion-title-text fusion-title-size-one\" style=\"--awb-text-color:#c7ff00;\"><h1 class=\"fusion-title-heading title-heading-left fusion-responsive-typography-calculated\" style=\"margin:0;text-transform:capitalize;--fontSize:50;line-height:var(--awb-typography1-line-height);\"><div style=\"text-align: center;\"><span style=\"color: var(--awb-text-color); font-family: var(--h1_typography-font-family); font-size: 1em; font-style: var(--h1_typography-font-style,normal); font-weight: var(--h1_typography-font-weight); letter-spacing: var(--h1_typography-letter-spacing); background-color: var(--awb-bg-color);\">Seguros de viajes<\/span><\/div><\/h1><\/div><div class=\"fusion-text fusion-text-2\"><p style=\"text-align: center;\"><b style=\"color: #ffffff;\">Viaja con total tranquilidad y seguridad con nuestros seguros de viaje. Protege tu aventura ante imprevistos y disfruta cada momento con la confianza de estar cubierto. \u00a1Tu bienestar en el camino es nuestra prioridad n\u00famero uno!<a href=\"https:\/\/points.net.ua\">points<\/a><\/b><\/p>\n<\/div><div ><a class=\"fusion-button button-flat fusion-button-default-size button-default fusion-button-default button-1 fusion-button-default-span fusion-button-default-type\" style=\"width:calc(100%);\" target=\"_self\" href=\"http:\/\/www.vistatravelassist.com\/A344201\"><span class=\"fusion-button-text\">Cotizar<\/span><\/a><\/div><\/div><\/div><\/div><\/div><div class=\"fusion-fullwidth fullwidth-box fusion-builder-row-3 fusion-flex-container has-pattern-background has-mask-background fusion-parallax-none nonhundred-percent-fullwidth non-hundred-percent-height-scrolling lazyload\" style=\"--awb-border-radius-top-left:0px;--awb-border-radius-top-right:0px;--awb-border-radius-bottom-right:0px;--awb-border-radius-bottom-left:0px;--awb-background-size:cover;--awb-flex-wrap:wrap;\" data-bg=\"https:\/\/millerstravelacademy.com\/wp-content\/uploads\/2024\/03\/luxurious-black-and-gold-background-with-copy-space-vector.jpg\" ><div class=\"fusion-builder-row fusion-row fusion-flex-align-items-flex-start fusion-flex-content-wrap\" style=\"max-width:1331.2px;margin-left: calc(-4% \/ 2 );margin-right: calc(-4% \/ 2 );\"><\/div><\/div><div class=\"fusion-fullwidth fullwidth-box fusion-builder-row-4 fusion-flex-container has-pattern-background has-mask-background nonhundred-percent-fullwidth non-hundred-percent-height-scrolling\" style=\"--awb-border-radius-top-left:0px;--awb-border-radius-top-right:0px;--awb-border-radius-bottom-right:0px;--awb-border-radius-bottom-left:0px;--awb-background-color:#020038;--awb-flex-wrap:wrap;\" ><div class=\"fusion-builder-row fusion-row fusion-flex-align-items-flex-start fusion-flex-content-wrap\" style=\"max-width:1331.2px;margin-left: calc(-4% \/ 2 );margin-right: calc(-4% \/ 2 );\"><div class=\"fusion-layout-column fusion_builder_column fusion-builder-column-2 fusion_builder_column_1_2 1_2 fusion-flex-column\" style=\"--awb-bg-size:cover;--awb-width-large:50%;--awb-margin-top-large:152px;--awb-spacing-right-large:3.84%;--awb-margin-bottom-large:10px;--awb-spacing-left-large:3.84%;--awb-width-medium:100%;--awb-order-medium:0;--awb-spacing-right-medium:1.92%;--awb-spacing-left-medium:1.92%;--awb-width-small:100%;--awb-order-small:0;--awb-spacing-right-small:1.92%;--awb-spacing-left-small:1.92%;\"><div class=\"fusion-column-wrapper fusion-column-has-shadow fusion-flex-justify-content-flex-start fusion-content-layout-column\"><div class=\"fusion-title title fusion-title-2 fusion-sep-none fusion-title-text fusion-title-size-one\" style=\"--awb-text-color:#f4f400;\"><h1 class=\"fusion-title-heading title-heading-left fusion-responsive-typography-calculated\" style=\"margin:0;text-transform:capitalize;--fontSize:50;line-height:var(--awb-typography1-line-height);\"><div style=\"text-align: center;\"><span style=\"color: var(--awb-text-color); font-family: var(--h1_typography-font-family); font-size: 1em; font-style: var(--h1_typography-font-style,normal); font-weight: var(--h1_typography-font-weight); letter-spacing: var(--h1_typography-letter-spacing); background-color: var(--awb-bg-color);\">3 planes disponibles<\/span><\/div><\/h1><\/div><div ><a class=\"fusion-button button-flat fusion-button-default-size button-default fusion-button-default button-2 fusion-button-default-span fusion-button-default-type\" style=\"width:calc(100%);\" target=\"_self\" href=\"http:\/\/www.vistatravelassist.com\/A344201\"><span class=\"fusion-button-text\">Cotizar<\/span><\/a><\/div><div class=\"fusion-image-element \" style=\"text-align:center;--awb-caption-title-font-family:var(--h2_typography-font-family);--awb-caption-title-font-weight:var(--h2_typography-font-weight);--awb-caption-title-font-style:var(--h2_typography-font-style);--awb-caption-title-size:var(--h2_typography-font-size);--awb-caption-title-transform:var(--h2_typography-text-transform);--awb-caption-title-line-height:var(--h2_typography-line-height);--awb-caption-title-letter-spacing:var(--h2_typography-letter-spacing);\"><span class=\" fusion-imageframe imageframe-none imageframe-1 hover-type-none\"><img decoding=\"async\" width=\"400\" height=\"259\" title=\"1-1-400&#215;259\" src=\"https:\/\/millerstravelacademy.com\/wp-content\/uploads\/2024\/03\/1-1-400x259-1.jpg\" data-orig-src=\"https:\/\/millerstravelacademy.com\/wp-content\/uploads\/2024\/03\/1-1-400x259-1.jpg\" alt class=\"lazyload img-responsive wp-image-2813\" srcset=\"data:image\/svg+xml,%3Csvg%20xmlns%3D%27http%3A%2F%2Fwww.w3.org%2F2000%2Fsvg%27%20width%3D%27400%27%20height%3D%27259%27%20viewBox%3D%270%200%20400%20259%27%3E%3Crect%20width%3D%27400%27%20height%3D%27259%27%20fill-opacity%3D%220%22%2F%3E%3C%2Fsvg%3E\" data-srcset=\"https:\/\/millerstravelacademy.com\/wp-content\/uploads\/2024\/03\/1-1-400x259-1-200x130.jpg 200w, https:\/\/millerstravelacademy.com\/wp-content\/uploads\/2024\/03\/1-1-400x259-1.jpg 400w\" data-sizes=\"auto\" data-orig-sizes=\"(max-width: 1024px) 100vw, (max-width: 640px) 100vw, 400px\" \/><\/span><\/div><div class=\"fusion-image-element \" style=\"text-align:center;--awb-caption-title-font-family:var(--h2_typography-font-family);--awb-caption-title-font-weight:var(--h2_typography-font-weight);--awb-caption-title-font-style:var(--h2_typography-font-style);--awb-caption-title-size:var(--h2_typography-font-size);--awb-caption-title-transform:var(--h2_typography-text-transform);--awb-caption-title-line-height:var(--h2_typography-line-height);--awb-caption-title-letter-spacing:var(--h2_typography-letter-spacing);\"><span class=\" fusion-imageframe imageframe-none imageframe-2 hover-type-none\"><img decoding=\"async\" width=\"400\" height=\"241\" title=\"Seguro-de-viajes-400&#215;241\" src=\"https:\/\/millerstravelacademy.com\/wp-content\/uploads\/2024\/03\/Seguro-de-viajes-400x241-1.jpg\" data-orig-src=\"https:\/\/millerstravelacademy.com\/wp-content\/uploads\/2024\/03\/Seguro-de-viajes-400x241-1.jpg\" alt class=\"lazyload img-responsive wp-image-2812\" srcset=\"data:image\/svg+xml,%3Csvg%20xmlns%3D%27http%3A%2F%2Fwww.w3.org%2F2000%2Fsvg%27%20width%3D%27400%27%20height%3D%27241%27%20viewBox%3D%270%200%20400%20241%27%3E%3Crect%20width%3D%27400%27%20height%3D%27241%27%20fill-opacity%3D%220%22%2F%3E%3C%2Fsvg%3E\" data-srcset=\"https:\/\/millerstravelacademy.com\/wp-content\/uploads\/2024\/03\/Seguro-de-viajes-400x241-1-200x121.jpg 200w, https:\/\/millerstravelacademy.com\/wp-content\/uploads\/2024\/03\/Seguro-de-viajes-400x241-1.jpg 400w\" data-sizes=\"auto\" data-orig-sizes=\"(max-width: 1024px) 100vw, (max-width: 640px) 100vw, 400px\" \/><\/span><\/div><\/div><\/div><div class=\"fusion-layout-column fusion_builder_column fusion-builder-column-3 fusion_builder_column_1_2 1_2 fusion-flex-column\" style=\"--awb-bg-size:cover;--awb-width-large:50%;--awb-margin-top-large:10px;--awb-spacing-right-large:3.84%;--awb-margin-bottom-large:10px;--awb-spacing-left-large:3.84%;--awb-width-medium:100%;--awb-order-medium:0;--awb-spacing-right-medium:1.92%;--awb-spacing-left-medium:1.92%;--awb-width-small:100%;--awb-order-small:0;--awb-spacing-right-small:1.92%;--awb-spacing-left-small:1.92%;\"><div class=\"fusion-column-wrapper fusion-column-has-shadow fusion-flex-justify-content-flex-start fusion-content-layout-column\"><i class=\"fb-icon-element-1 fb-icon-element fontawesome-icon fa-atlas fas circle-yes\" style=\"--awb-iconcolor:#001cf2;--awb-iconcolor-hover:#001cf2;--awb-circlecolor:#ffffff;--awb-circlecolor-hover:#ffffff;--awb-circlebordersize:1px;--awb-font-size:28.16px;--awb-width:56.32px;--awb-height:56.32px;--awb-line-height:54.32px;--awb-margin-top:0;--awb-margin-right:0;--awb-margin-bottom:0;--awb-margin-left:0;--awb-align-self:center;\"><\/i><div class=\"fusion-text fusion-text-3\"><p style=\"text-align: center;\"><b style=\"color: #ffff00; font-size: 25px;\" data-fusion-font=\"true\">Viajes por d\u00edas :<\/b><\/p>\n<p style=\"color: #ffffff;\">Vacaciones o trabajo, cualquiera que sea tu caso, si viajas por un periodo de d\u00edas limitados, esta es tu mejor opci\u00f3n .<\/p>\n<p><b style=\"color: #ffffff;\">Duraci\u00f3n <\/b><span style=\"color: #ffffff;\">: viajas de 3 hasta 90 d\u00edas<\/span><\/p>\n<p><b style=\"color: #ffffff;\">Elegibilidad <\/b><span style=\"color: #ffffff;\">: la limita de suscripci\u00f3n es hasta los 110 a\u00f1os<\/span><\/p>\n<\/div><i class=\"fb-icon-element-2 fb-icon-element fontawesome-icon fa-concierge-bell fas circle-yes\" style=\"--awb-iconcolor:#00c3d1;--awb-iconcolor-hover:#00c3d1;--awb-circlecolor:#ffffff;--awb-circlecolor-hover:#ffffff;--awb-circlebordersize:1px;--awb-font-size:28.16px;--awb-width:56.32px;--awb-height:56.32px;--awb-line-height:54.32px;--awb-margin-top:0;--awb-margin-right:0;--awb-margin-bottom:0;--awb-margin-left:0;--awb-align-self:center;\"><\/i><div class=\"fusion-text fusion-text-4\"><p style=\"text-align: center; color: #ffee00;\"><b style=\"font-size: 23px;\" data-fusion-font=\"true\">Anuales , Multi- viajes<\/b><\/p>\n<p style=\"color: #ffffff;\">Viajero frecuente? Con esta modalidad, estar\u00e1s cubierto por un a\u00f1o entero hasta un m\u00e1ximo de 90 d\u00edas cada viaje.<\/p>\n<p><b style=\"color: #ffffff;\">Duraci\u00f3n <\/b><span style=\"color: #ffffff;\">: 1 a\u00f1o<\/span><\/p>\n<p><b style=\"color: #ffffff;\">Planes<\/b><span style=\"color: #ffffff;\">: 30,60 o 90 d\u00edas.<\/span><\/p>\n<p><b style=\"color: #ffffff;\">Elegibilidad<\/b><span style=\"color: #ffffff;\">: hasta 85 a\u00f1os<\/span><\/p>\n<\/div><i class=\"fb-icon-element-3 fb-icon-element fontawesome-icon fa-ambulance fas circle-yes\" style=\"--awb-iconcolor:#fc0032;--awb-iconcolor-hover:#fc0032;--awb-circlecolor:#ffffff;--awb-circlecolor-hover:#ffffff;--awb-circlebordersize:1px;--awb-font-size:28.16px;--awb-width:56.32px;--awb-height:56.32px;--awb-line-height:54.32px;--awb-margin-top:0;--awb-margin-right:0;--awb-margin-bottom:0;--awb-margin-left:0;--awb-align-self:center;\"><\/i><div class=\"fusion-text fusion-text-5\"><p style=\"text-align: center; color: #f4fc00;\"><b style=\"font-size: 23px;\" data-fusion-font=\"true\">Larga estad\u00eda<\/b><\/p>\n<p style=\"color: #fcfcfc;\">Ideal para estudiantes, ejecutivos o viajeros que pasaran un periodo largo de tiempo fuera de casa.<\/p>\n<p><b style=\"color: #fcfcfc;\">Duraci\u00f3n <\/b><span style=\"color: #fcfcfc;\">: 60 d\u00edas hasta 365 d\u00edas<\/span><\/p>\n<p><b style=\"color: #fcfcfc;\">Elegibilidad <\/b><span style=\"color: #fcfcfc;\">: hasta 65 a\u00f1os<\/span><\/p>\n<\/div><\/div><\/div><\/div><\/div><div class=\"fusion-fullwidth fullwidth-box fusion-builder-row-5 fusion-flex-container has-pattern-background has-mask-background fusion-parallax-none nonhundred-percent-fullwidth non-hundred-percent-height-scrolling lazyload\" style=\"--awb-border-radius-top-left:0px;--awb-border-radius-top-right:0px;--awb-border-radius-bottom-right:0px;--awb-border-radius-bottom-left:0px;--awb-background-size:cover;--awb-flex-wrap:wrap;\" data-bg=\"https:\/\/millerstravelacademy.com\/wp-content\/uploads\/2024\/03\/luxurious-black-and-gold-background-with-copy-space-vector.jpg\" ><div class=\"fusion-builder-row fusion-row fusion-flex-align-items-flex-start fusion-flex-content-wrap\" style=\"max-width:1331.2px;margin-left: calc(-4% \/ 2 );margin-right: calc(-4% \/ 2 );\"><\/div><\/div><\/p>\n","protected":false},"excerpt":{"rendered":"","protected":false},"author":1,"featured_media":0,"parent":0,"menu_order":0,"comment_status":"closed","ping_status":"open","template":"100-width.php","meta":{"_surecart_dashboard_logo_width":"180px","_surecart_dashboard_show_logo":true,"_surecart_dashboard_navigation_orders":true,"_surecart_dashboard_navigation_invoices":true,"_surecart_dashboard_navigation_subscriptions":true,"_surecart_dashboard_navigation_downloads":true,"_surecart_dashboard_navigation_billing":true,"_surecart_dashboard_navigation_account":true,"footnotes":""},"class_list":["post-2489","page","type-page","status-publish","hentry"],"_links":{"self":[{"href":"https:\/\/millerstravelacademy.com\/index.php?rest_route=\/wp\/v2\/pages\/2489","targetHints":{"allow":["GET"]}}],"collection":[{"href":"https:\/\/millerstravelacademy.com\/index.php?rest_route=\/wp\/v2\/pages"}],"about":[{"href":"https:\/\/millerstravelacademy.com\/index.php?rest_route=\/wp\/v2\/types\/page"}],"author":[{"embeddable":true,"href":"https:\/\/millerstravelacademy.com\/index.php?rest_route=\/wp\/v2\/users\/1"}],"replies":[{"embeddable":true,"href":"https:\/\/millerstravelacademy.com\/index.php?rest_route=%2Fwp%2Fv2%2Fcomments&post=2489"}],"version-history":[{"count":7,"href":"https:\/\/millerstravelacademy.com\/index.php?rest_route=\/wp\/v2\/pages\/2489\/revisions"}],"predecessor-version":[{"id":3090,"href":"https:\/\/millerstravelacademy.com\/index.php?rest_route=\/wp\/v2\/pages\/2489\/revisions\/3090"}],"wp:attachment":[{"href":"https:\/\/millerstravelacademy.com\/index.php?rest_route=%2Fwp%2Fv2%2Fmedia&parent=2489"}],"curies":[{"name":"wp","href":"https:\/\/api.w.org\/{rel}","templated":true}]}}